{"id":17,"date":"2016-04-19T23:13:38","date_gmt":"2016-04-19T23:13:38","guid":{"rendered":"https:\/\/acsf.pt\/?page_id=17"},"modified":"2022-04-19T16:26:34","modified_gmt":"2022-04-19T16:26:34","slug":"a-instutuicao","status":"publish","type":"page","link":"https:\/\/acsf.pt\/?page_id=17","title":{"rendered":"A Institui\u00e7\u00e3o"},"content":{"rendered":"<p align=\"JUSTIFY\"><span style=\"font-family: 'Times New Roman', serif;\">A Associa\u00e7\u00e3o Cultural e Social de Famalic\u00e3o \u00e9 uma institui\u00e7\u00e3o Particular de Solidariedade Social que apoia crian\u00e7as e idosos atrav\u00e9s das respostas sociais Centro de Atividades de Tempos Livres, Centro de Dia e Servi\u00e7o de Apoio Domicili\u00e1rio.<\/span><\/p>\n<p align=\"JUSTIFY\"><span style=\"font-family: 'Times New Roman', serif;\">Registada na Dire\u00e7\u00e3o \u2013 Geral de Seguran\u00e7a Social, sob a inscri\u00e7\u00e3o n\u00ba 67\/88 em 05\/09\/1989.<\/span><\/p>\n<p align=\"JUSTIFY\"><span style=\"font-family: 'Times New Roman', serif;\">A Associa\u00e7\u00e3o procura acompanhar e responder \u00e0 solicita\u00e7\u00e3o dos utentes, utilizando uma metodologia que privilegia o di\u00e1logo, a coopera\u00e7\u00e3o e o trabalho em rede. Atualmente foca a sua interven\u00e7\u00e3o na primazia da pessoa, mantendo como foco essencial o idiossincr\u00e1tico e humanismo.<\/span><\/p>\n<p align=\"JUSTIFY\"><span style=\"font-family: 'Times New Roman', serif;\">A institui\u00e7\u00e3o particular de solidariedade social (IPSS) foi constitu\u00edda por iniciativa de particulares, sem finalidade lucrativa, com o prop\u00f3sito de dar express\u00e3o organizada ao dever moral de solidariedade e de justi\u00e7a entre os indiv\u00edduos, que n\u00e3o sejam administradas pelo Estado ou por um corpo aut\u00e1rquico, para prosseguir, entre outros, com objetivos de apoio social \u00e0 fam\u00edlia, crian\u00e7as e idosos e integra\u00e7\u00e3o social e comunit\u00e1ria, mediante a concess\u00e3o de bens e a presta\u00e7\u00e3o de servi\u00e7os.<\/span><\/p>\n<p align=\"JUSTIFY\">O <span style=\"font-family: 'Times New Roman', serif;\">ATL \u00e9 um espa\u00e7o din\u00e2mico, onde as crian\u00e7as que frequentam o 1\u00ba Ciclo do Ensino B\u00e1sico podem, atrav\u00e9s de atividades l\u00fadicas ocupar de forma proveitosa os seus tempos livres<\/span><span style=\"font-family: 'Times New Roman', serif;\">, desta forma desenvolve com as crian\u00e7as actividades que exploram as diferentes \u00e1reas de conte\u00fado e apoia na alimenta\u00e7\u00e3o e interrup\u00e7\u00f5es letivas.<\/span><\/p>\n<p><a name=\"_GoBack\"><\/a> <span style=\"font-family: 'Times New Roman', serif;\"> Apoia na prote\u00e7\u00e3o dos cidad\u00e3os na velhice cuja sua situa\u00e7\u00e3o evidencie car\u00eancia social ou n\u00e3o tenham fam\u00edlia de suporte atrav\u00e9s da presta\u00e7\u00e3o de servi\u00e7os, tais como, alimenta\u00e7\u00e3o, higiene habitacional, lavagem de roupa, higiene pessoal, acompanhamento ao exterior e atividades de anima\u00e7\u00e3o entre outros.<\/span><\/p>\n<p align=\"JUSTIFY\"><span style=\"font-family: 'Times New Roman', serif;\">Visa trabalhar para a comunidade de forma a diminuir os problemas sociais existentes. Pretende garantir de forma satisfat\u00f3ria e adequada todos os servi\u00e7os que lhe s\u00e3o incumbidos, com finalidade de melhorar a qualidade de vida e o bem-estar dos seus utentes. A Associa\u00e7\u00e3o Cultural e Social de Famalic\u00e3o, abreviadamente designada por ACSF, segundo a sua constitui\u00e7\u00e3o efectuada a 24 de Fevereiro de 1987, \u00e9 uma Associa\u00e7\u00e3o constitu\u00edda com o fim de promover a implementa\u00e7\u00e3o de a\u00e7\u00f5es sociais, nomeadamente o apoio \u00e0 inf\u00e2ncia e terceira idade. A Associa\u00e7\u00e3o Cultural e Social de Famalic\u00e3o \u00e9 uma Institui\u00e7\u00e3o Particular de Solidariedade Social (IPSS). <\/span><\/p>\n<p align=\"JUSTIFY\"><span style=\"font-family: 'Times New Roman', serif;\">No que respeita ao campo social exerce a sua a\u00e7\u00e3o atrav\u00e9s de tr\u00eas respostas sociais: Servi\u00e7o de Apoio Domicili\u00e1rio (SAD), Centro De Dia (CD) e Centro de Atividades de Tempos Livres (CATL). O Centro de Dia procura colaborar com as fam\u00edlias na presta\u00e7\u00e3o de um conjunto de servi\u00e7os supra citados que contribuem para a perman\u00eancia do idoso no seu seio familiar. Esta resposta social apresenta capacidade para 16 utentes, e a resposta social SAD apresenta capacidade para 45 utentes.<\/span><\/p>\n<p align=\"JUSTIFY\"><span style=\"font-family: 'Times New Roman', serif;\">Esta Institui\u00e7\u00e3o de Cariz Social exerce as actividades que constam do compromisso dos Regulamentos Internos inerentes a cada resposta social. <\/span><\/p>\n<p align=\"JUSTIFY\"><span style=\"font-family: 'Times New Roman', serif;\">Os Estatutos desta Institui\u00e7\u00e3o foram registados no dia 24 de Fevereiro de 1987 no Cart\u00f3rio Notarial da Guarda, foram alterados no ano de 2015 de acordo com o Decreto-lei n\u00ba 172-A\/2014 de 14 de Novembro e submetidos \u00e0 aprecia\u00e7\u00e3o da Seguran\u00e7a Social.<\/span><\/p>\n<p align=\"CENTER\"><span style=\"font-family: Cambria, serif;\"><span style=\"font-size: large;\"><b>Acordos, Protocolos<\/b><\/span><\/span><\/p>\n<p align=\"JUSTIFY\"><span style=\"font-family: 'Times New Roman', serif;\">A Associa\u00e7\u00e3o Cultural e Social de Famalic\u00e3o conta com apoio de Acordo e Protocolo que auxiliam no principal objectivo da institui\u00e7\u00e3o, o de melhorar a qualidade da vida dos utentes que solicitam os servi\u00e7os nas respostas sociais CATL, SAD e CD. <\/span><\/p>\n<ul>\n<li>\n<p align=\"JUSTIFY\"><span style=\"font-family: 'Times New Roman', serif;\"><b>Instituto Seguran\u00e7a Social<\/b><\/span><\/p>\n<\/li>\n<\/ul>\n<p align=\"JUSTIFY\"><span style=\"font-family: 'Times New Roman', serif;\">Acordos de Coopera\u00e7\u00e3o que subsidiam as respostas sociais CATL, SAD e CD<\/span><\/p>\n<ul>\n<li>\n<p align=\"JUSTIFY\"><span style=\"font-family: 'Times New Roman', serif;\"><b>C\u00e2mara Municipal da Guarda<\/b><\/span><\/p>\n<\/li>\n<\/ul>\n<p align=\"JUSTIFY\"><span style=\"font-family: 'Times New Roman', serif;\">Protocolo que subsidia a resposta CATL\u00a0<\/span><\/p>\n","protected":false},"excerpt":{"rendered":"<p>A Associa\u00e7\u00e3o Cultural e Social de Famalic\u00e3o \u00e9 uma institui\u00e7\u00e3o Particular de Solidariedade Social que apoia crian\u00e7as e idosos atrav\u00e9s das respostas sociais Centro de Atividades de Tempos Livres, Centro de Dia e Servi\u00e7o de Apoio Domicili\u00e1rio. Registada na Dire\u00e7\u00e3o \u2013 Geral de Seguran\u00e7a Social, sob a inscri\u00e7\u00e3o n\u00ba 67\/88&#8230;<\/p>\n","protected":false},"author":1,"featured_media":0,"parent":0,"menu_order":0,"comment_status":"closed","ping_status":"closed","template":"","meta":[],"_links":{"self":[{"href":"https:\/\/acsf.pt\/index.php?rest_route=\/wp\/v2\/pages\/17"}],"collection":[{"href":"https:\/\/acsf.pt\/index.php?rest_route=\/wp\/v2\/pages"}],"about":[{"href":"https:\/\/acsf.pt\/index.php?rest_route=\/wp\/v2\/types\/page"}],"author":[{"embeddable":true,"href":"https:\/\/acsf.pt\/index.php?rest_route=\/wp\/v2\/users\/1"}],"replies":[{"embeddable":true,"href":"https:\/\/acsf.pt\/index.php?rest_route=%2Fwp%2Fv2%2Fcomments&post=17"}],"version-history":[{"count":4,"href":"https:\/\/acsf.pt\/index.php?rest_route=\/wp\/v2\/pages\/17\/revisions"}],"predecessor-version":[{"id":211,"href":"https:\/\/acsf.pt\/index.php?rest_route=\/wp\/v2\/pages\/17\/revisions\/211"}],"wp:attachment":[{"href":"https:\/\/acsf.pt\/index.php?rest_route=%2Fwp%2Fv2%2Fmedia&parent=17"}],"curies":[{"name":"wp","href":"https:\/\/api.w.org\/{rel}","templated":true}]}}